{"id":2975,"date":"2026-03-08T18:29:50","date_gmt":"2026-03-08T18:29:50","guid":{"rendered":"https:\/\/peptidai.com\/?post_type=product&#038;p=2975"},"modified":"2026-03-25T12:47:47","modified_gmt":"2026-03-25T10:47:47","slug":"ghk-cu-peptidas-50-%e2%94%82-100-mg","status":"publish","type":"product","link":"https:\/\/peptidai.com\/?product=ghk-cu-peptidas-50-%e2%94%82-100-mg","title":{"rendered":"GHK-Cu"},"content":{"rendered":"<h6 data-path-to-node=\"12,1\"><span data-path-to-node=\"12,1,0\"><b data-path-to-node=\"12,1,0\" data-index-in-node=\"0\"><span class=\"citation-32 interactive-span-hovered\">GHK-Cu<\/span><\/b><span class=\"citation-32 interactive-span-hovered\"> \u2013 tai nat\u016bralus vario peptidas, veikiantis l\u0105steli\u0173 lygmeniu, kad regeneruot\u0173 audinius i\u0161 vidaus \u012f i\u0161or\u0119<\/span><\/span><span data-path-to-node=\"12,1,2\">.<\/span><\/h6>\n<h6 data-path-to-node=\"12,2\"><span data-path-to-node=\"12,2,0\"><b data-path-to-node=\"12,2,0\" data-index-in-node=\"0\">Kam tinka?<\/b><\/span><\/h6>\n<ul>\n<li data-path-to-node=\"12,2\"><span data-path-to-node=\"12,2,2\"><span class=\"citation-31 interactive-span-hovered\">Odos elastingumo gerinimui ir rauk\u0161li\u0173 lyginimui<\/span><\/span><span data-path-to-node=\"12,2,4\">.<\/span><\/li>\n<li data-path-to-node=\"12,2\"><span data-path-to-node=\"12,2,6\"><span class=\"citation-30 interactive-span-hovered\">Plauk\u0173 folikul\u0173 stiprinimui ir augimo skatinimui<\/span><\/span><span data-path-to-node=\"12,2,8\">.<\/span><\/li>\n<li data-path-to-node=\"12,2\"><span data-path-to-node=\"12,2,10\"><span class=\"citation-29 interactive-span-hovered\">Greitesniam audini\u0173 gijimui po traum\u0173 ar operacij\u0173<\/span><\/span><span data-path-to-node=\"12,2,12\">.<\/span><\/li>\n<\/ul>\n<h6 data-path-to-node=\"12,3\"><span data-path-to-node=\"12,3,0\"><b data-path-to-node=\"12,3,0\" data-index-in-node=\"0\">Ko tik\u0117tis?<\/b> <\/span><\/h6>\n<p data-path-to-node=\"12,3\"><span data-path-to-node=\"12,3,2\"><span class=\"citation-28 interactive-span-hovered\">Reguliariai vartojant, oda tampa pastebimai storesn\u0117 ir stangresn\u0117, o plauk\u0173 ret\u0117jimas sul\u0117t\u0117ja d\u0117l aktyvuot\u0173 regeneracini\u0173 proces\u0173<\/span><\/span><span data-path-to-node=\"12,3,4\">.<\/span><\/p>\n<h6 data-path-to-node=\"12,4\"><span data-path-to-node=\"12,4,0\"><b data-path-to-node=\"12,4,0\" data-index-in-node=\"0\">Vartojimas ir protokolai:<\/b> <\/span><\/h6>\n<p data-path-to-node=\"12,4\"><span data-path-to-node=\"12,4,2\"><span class=\"citation-27 interactive-span-hovered\">Detalias instrukcijas, kaip saugiai paruo\u0161ti ir vartoti \u0161\u012f peptid\u0105, rasite m\u016bs\u0173 <\/span><b data-path-to-node=\"12,4,2\" data-index-in-node=\"80\"><a class=\"ng-star-inserted\" href=\"https:\/\/docs.google.com\/document\/d\/1pUTXtAKvpSfcupm-B-t5QjuYiLTzHzur6ZG1BtViM-8\/edit?usp=sharing\" target=\"_blank\" rel=\"noopener\" data-hveid=\"0\" data-ved=\"0CAAQ_4QMahgKEwjQ6YK075KTAxUAAAAAHQAAAAAQ8wE\"><span class=\"citation-27 interactive-span-hovered\">Peptide Maxxing Gide<\/span><\/a><\/b><\/span><span data-path-to-node=\"12,4,4\">.<\/span><\/p>\n<p data-path-to-node=\"12,4\">Svarbu: \u0160io peptido paruo\u0161imui reikalingas <b data-path-to-node=\"3,0,1,0,0\" data-index-in-node=\"53\"><a class=\"ng-star-inserted\" href=\"https:\/\/peptidai.com\/?product=bac-vanduo\" rel=\"noopener\" data-hveid=\"0\" data-ved=\"0CAAQ_4QMahgKEwjQr52Z1JeTAxUAAAAAHQAAAAAQrgQ\">Bakteriostatinis vanduo<\/a><\/b>. J\u012f galite \u012fsigyti atskirai.<\/p>\n<h6 id=\"p-rc_3f2cea6a63be5f17-26\" data-path-to-node=\"12,5\"><span data-path-to-node=\"12,5,0\"><b data-path-to-node=\"12,5,0\" data-index-in-node=\"0\">Su kuo derinti?<\/b> <\/span><\/h6>\n<ul>\n<li data-path-to-node=\"12,5\"><span data-path-to-node=\"12,5,2\"><b data-path-to-node=\"12,5,2\" data-index-in-node=\"2\"><span class=\"citation-26 interactive-span-hovered\"><a href=\"https:\/\/peptidai.com\/?product=bpc-157\">BPC-157<\/a>:<\/span><\/b><span class=\"citation-26 interactive-span-hovered\"> Maksimaliam odos gijimui ir u\u017edegim\u0173 slopinimui (padeda i\u0161vengti per\u0161t\u0117jimo injekcijos vietoje)<\/span><\/span><span data-path-to-node=\"12,5,4\">. <\/span><\/li>\n<li data-path-to-node=\"12,5\"><span data-path-to-node=\"12,5,6\"><b data-path-to-node=\"12,5,6\" data-index-in-node=\"2\"><span class=\"citation-25 interactive-span-hovered\"><a href=\"https:\/\/peptidai.com\/?product=tb-500\">TB-500<\/a>:<\/span><\/b><span class=\"citation-25 interactive-span-hovered\"> Kompleksiniam audini\u0173 ir s\u0105nari\u0173 atsistatymui<\/span><\/span><span data-path-to-node=\"12,5,8\">.<\/span><\/li>\n<\/ul>\n","protected":false},"excerpt":{"rendered":"<p>GHK-Cu skatina kolageno gamyb\u0105, storina od\u0105, lygina rauk\u0161les ir stiprina plauk\u0173 folikulus. Jis veikia l\u0105steli\u0173 lygmeniu, regeneruodamas audinius i\u0161 vidaus \u012f i\u0161or\u0119.<\/p>\n","protected":false},"featured_media":3566,"comment_status":"open","ping_status":"closed","template":"","meta":[],"product_brand":[],"product_cat":[74,69],"product_tag":[],"class_list":{"0":"post-2975","1":"product","2":"type-product","3":"status-publish","4":"has-post-thumbnail","6":"product_cat-grozis","7":"product_cat-peptidai","9":"first","10":"instock","11":"shipping-taxable","12":"purchasable","13":"product-type-variable","14":"has-default-attributes"},"_links":{"self":[{"href":"https:\/\/peptidai.com\/index.php?rest_route=\/wp\/v2\/product\/2975","targetHints":{"allow":["GET"]}}],"collection":[{"href":"https:\/\/peptidai.com\/index.php?rest_route=\/wp\/v2\/product"}],"about":[{"href":"https:\/\/peptidai.com\/index.php?rest_route=\/wp\/v2\/types\/product"}],"replies":[{"embeddable":true,"href":"https:\/\/peptidai.com\/index.php?rest_route=%2Fwp%2Fv2%2Fcomments&post=2975"}],"wp:featuredmedia":[{"embeddable":true,"href":"https:\/\/peptidai.com\/index.php?rest_route=\/wp\/v2\/media\/3566"}],"wp:attachment":[{"href":"https:\/\/peptidai.com\/index.php?rest_route=%2Fwp%2Fv2%2Fmedia&parent=2975"}],"wp:term":[{"taxonomy":"product_brand","embeddable":true,"href":"https:\/\/peptidai.com\/index.php?rest_route=%2Fwp%2Fv2%2Fproduct_brand&post=2975"},{"taxonomy":"product_cat","embeddable":true,"href":"https:\/\/peptidai.com\/index.php?rest_route=%2Fwp%2Fv2%2Fproduct_cat&post=2975"},{"taxonomy":"product_tag","embeddable":true,"href":"https:\/\/peptidai.com\/index.php?rest_route=%2Fwp%2Fv2%2Fproduct_tag&post=2975"}],"curies":[{"name":"wp","href":"https:\/\/api.w.org\/{rel}","templated":true}]}}