{"id":3125,"date":"2026-03-11T13:40:00","date_gmt":"2026-03-11T11:40:00","guid":{"rendered":"https:\/\/peptidai.com\/?post_type=product&#038;p=3125"},"modified":"2026-03-28T00:54:47","modified_gmt":"2026-03-27T22:54:47","slug":"bpc-157","status":"publish","type":"product","link":"https:\/\/peptidai.com\/?product=bpc-157","title":{"rendered":"BPC-157"},"content":{"rendered":"<h6 data-path-to-node=\"12,1\">BPC-157 \u2013 tai organizmo \u201eremonto\u201c peptidas, kuris drasti\u0161kai spartina audini\u0173, sausgysli\u0173 ir net vir\u0161kinamojo trakto gijim\u0105.<\/h6>\n<h6 data-path-to-node=\"12,2\"><span data-path-to-node=\"12,2,0\"><b data-path-to-node=\"12,2,0\" data-index-in-node=\"0\">Kam tinka?<\/b><\/span><\/h6>\n<ul>\n<li>Greitesniam traum\u0173 (\u012fply\u0161im\u0173, u\u017edegim\u0173) gydymui.<\/li>\n<li>S\u0105nari\u0173 ir sausgysli\u0173 skausmo ma\u017einimui.<\/li>\n<li>Vir\u0161kinimo sistemos gerinimui ir u\u017edegimini\u0173 proces\u0173 slopinimui.<\/li>\n<\/ul>\n<h6 data-path-to-node=\"12,3\"><span data-path-to-node=\"12,3,0\"><b data-path-to-node=\"12,3,0\" data-index-in-node=\"0\">Ko tik\u0117tis?<\/b> <\/span><\/h6>\n<p data-path-to-node=\"12,3\">Po pirm\u0173j\u0173 vartojimo savai\u010di\u0173 pastebimas spartesnis pa\u017eeist\u0173 viet\u0173 atsistatymas, suma\u017e\u0117j\u0119s u\u017edegimas ir geresnis fizinis mobilumas be nuolatinio diskomforto.<\/p>\n<h6 data-path-to-node=\"12,4\"><span data-path-to-node=\"12,4,0\"><b data-path-to-node=\"12,4,0\" data-index-in-node=\"0\">Vartojimas ir protokolai:<\/b> <\/span><\/h6>\n<p data-path-to-node=\"12,4\"><span data-path-to-node=\"12,4,2\"><span class=\"citation-27 interactive-span-hovered\">Detalias instrukcijas, kaip saugiai paruo\u0161ti ir vartoti \u0161\u012f peptid\u0105, rasite m\u016bs\u0173 <\/span><b data-path-to-node=\"12,4,2\" data-index-in-node=\"80\"><a class=\"ng-star-inserted\" href=\"https:\/\/docs.google.com\/document\/d\/1pUTXtAKvpSfcupm-B-t5QjuYiLTzHzur6ZG1BtViM-8\/edit?usp=sharing\" target=\"_blank\" rel=\"noopener\" data-hveid=\"0\" data-ved=\"0CAAQ_4QMahgKEwjQ6YK075KTAxUAAAAAHQAAAAAQ8wE\"><span class=\"citation-27 interactive-span-hovered\">Peptide Maxxing Gide<\/span><\/a><\/b><\/span><span data-path-to-node=\"12,4,4\">.<\/span><\/p>\n<p data-path-to-node=\"12,4\">Svarbu: \u0160io peptido paruo\u0161imui reikalingas <b data-path-to-node=\"3,0,1,0,0\" data-index-in-node=\"53\"><a class=\"ng-star-inserted\" href=\"https:\/\/peptidai.com\/?product=bac-vanduo\" rel=\"noopener\" data-hveid=\"0\" data-ved=\"0CAAQ_4QMahgKEwjQr52Z1JeTAxUAAAAAHQAAAAAQrgQ\">Bakteriostatinis vanduo<\/a><\/b>. J\u012f galite \u012fsigyti atskirai.<\/p>\n<h6 id=\"p-rc_3f2cea6a63be5f17-26\" data-path-to-node=\"12,5\"><span data-path-to-node=\"12,5,0\"><b data-path-to-node=\"12,5,0\" data-index-in-node=\"0\">Su kuo derinti?<\/b> <\/span><\/h6>\n<ul>\n<li data-path-to-node=\"12,5\"><b data-path-to-node=\"10,0,0\" data-index-in-node=\"0\"><a href=\"https:\/\/peptidai.com\/?product=tb-500\">TB-500<\/a>:<\/b> Klasikinis \u201eAuksinis derinys\u201c traum\u0173 gydymui.<\/li>\n<li data-path-to-node=\"12,5\"><b data-path-to-node=\"10,1,0\" data-index-in-node=\"0\"><a href=\"https:\/\/peptidai.com\/?product=ghk-cu-peptidas-50-%e2%94%82-100-mg\">GHK-Cu<\/a>:<\/b> Maksimaliam audini\u0173 atnaujinimui ir gijimui po operacij\u0173.<\/li>\n<\/ul>\n","protected":false},"excerpt":{"rendered":"<p>Tai organizmo \u201eremonto\u201c peptidas, kuris drasti\u0161kai spartina audini\u0173, sausgysli\u0173 ir net vir\u0161kinamojo trakto gijim\u0105.<\/p>\n","protected":false},"featured_media":3568,"comment_status":"open","ping_status":"closed","template":"","meta":[],"product_brand":[],"product_cat":[73],"product_tag":[],"class_list":{"0":"post-3125","1":"product","2":"type-product","3":"status-publish","4":"has-post-thumbnail","6":"product_cat-sportas","8":"first","9":"instock","10":"shipping-taxable","11":"purchasable","12":"product-type-variable","13":"has-default-attributes"},"_links":{"self":[{"href":"https:\/\/peptidai.com\/index.php?rest_route=\/wp\/v2\/product\/3125","targetHints":{"allow":["GET"]}}],"collection":[{"href":"https:\/\/peptidai.com\/index.php?rest_route=\/wp\/v2\/product"}],"about":[{"href":"https:\/\/peptidai.com\/index.php?rest_route=\/wp\/v2\/types\/product"}],"replies":[{"embeddable":true,"href":"https:\/\/peptidai.com\/index.php?rest_route=%2Fwp%2Fv2%2Fcomments&post=3125"}],"wp:featuredmedia":[{"embeddable":true,"href":"https:\/\/peptidai.com\/index.php?rest_route=\/wp\/v2\/media\/3568"}],"wp:attachment":[{"href":"https:\/\/peptidai.com\/index.php?rest_route=%2Fwp%2Fv2%2Fmedia&parent=3125"}],"wp:term":[{"taxonomy":"product_brand","embeddable":true,"href":"https:\/\/peptidai.com\/index.php?rest_route=%2Fwp%2Fv2%2Fproduct_brand&post=3125"},{"taxonomy":"product_cat","embeddable":true,"href":"https:\/\/peptidai.com\/index.php?rest_route=%2Fwp%2Fv2%2Fproduct_cat&post=3125"},{"taxonomy":"product_tag","embeddable":true,"href":"https:\/\/peptidai.com\/index.php?rest_route=%2Fwp%2Fv2%2Fproduct_tag&post=3125"}],"curies":[{"name":"wp","href":"https:\/\/api.w.org\/{rel}","templated":true}]}}