{"id":3129,"date":"2026-03-11T14:10:58","date_gmt":"2026-03-11T12:10:58","guid":{"rendered":"https:\/\/peptidai.com\/?post_type=product&#038;p=3129"},"modified":"2026-04-03T13:54:17","modified_gmt":"2026-04-03T11:54:17","slug":"retatrutide","status":"publish","type":"product","link":"https:\/\/peptidai.com\/?product=retatrutide","title":{"rendered":"Retatrutide"},"content":{"rendered":"<h6 data-path-to-node=\"12,1\"><b data-path-to-node=\"22\" data-index-in-node=\"0\">Retatrutide<\/b> \u2013 tai naujausios, tre\u010diosios kartos peptidas (trigubas agonistas), sukurtas maksimaliam metabolizmo pagreitinimui ir riebal\u0173 deginimui.<\/h6>\n<h6 data-path-to-node=\"12,2\"><span data-path-to-node=\"12,2,0\"><b data-path-to-node=\"12,2,0\" data-index-in-node=\"0\">Kam tinka?<\/b><\/span><\/h6>\n<ul>\n<li data-path-to-node=\"12,2\">Efektyviam svorio metimui be didelio alkio jausmo.<\/li>\n<li data-path-to-node=\"12,2\">Med\u017eiag\u0173 apykaitos suaktyvinimui.<\/li>\n<li data-path-to-node=\"12,2\">Cukraus kiekio kraujyje stabilizavimui.<\/li>\n<\/ul>\n<h6 data-path-to-node=\"12,3\"><span data-path-to-node=\"12,3,0\"><b data-path-to-node=\"12,3,0\" data-index-in-node=\"0\">Ko tik\u0117tis?<\/b> <\/span><\/h6>\n<p data-path-to-node=\"12,3\">Pastebimas laipsni\u0161kas, bet u\u017etikrintas svorio ma\u017e\u0117jimas, padid\u0117j\u0119s sotumo jausmas ir suma\u017e\u0117j\u0119s noras \u201eu\u017ekand\u017eiauti\u201c, o rezultatai da\u017enai b\u016bna stipresni nei senesn\u0117s kartos preparat\u0173.<\/p>\n<h6 data-path-to-node=\"12,4\"><span data-path-to-node=\"12,4,0\"><b data-path-to-node=\"12,4,0\" data-index-in-node=\"0\">Vartojimas ir protokolai:<\/b> <\/span><\/h6>\n<p data-path-to-node=\"12,4\"><span data-path-to-node=\"12,4,2\"><span class=\"citation-27 interactive-span-hovered\">Detalias instrukcijas, kaip saugiai paruo\u0161ti ir vartoti \u0161\u012f peptid\u0105, rasite m\u016bs\u0173 <\/span><b data-path-to-node=\"12,4,2\" data-index-in-node=\"80\"><a class=\"ng-star-inserted\" href=\"https:\/\/docs.google.com\/document\/d\/1pUTXtAKvpSfcupm-B-t5QjuYiLTzHzur6ZG1BtViM-8\/edit?usp=sharing\" target=\"_blank\" rel=\"noopener\" data-hveid=\"0\" data-ved=\"0CAAQ_4QMahgKEwjQ6YK075KTAxUAAAAAHQAAAAAQ8wE\"><span class=\"citation-27 interactive-span-hovered\">Peptide Maxxing Gide<\/span><\/a><\/b><\/span><span data-path-to-node=\"12,4,4\">.<\/span><\/p>\n<p data-path-to-node=\"12,4\">Svarbu: \u0160io peptido paruo\u0161imui reikalingas <b data-path-to-node=\"3,0,1,0,0\" data-index-in-node=\"53\"><a class=\"ng-star-inserted\" href=\"https:\/\/peptidai.com\/?product=bac-vanduo\" rel=\"noopener\" data-hveid=\"0\" data-ved=\"0CAAQ_4QMahgKEwjQr52Z1JeTAxUAAAAAHQAAAAAQrgQ\">Bakteriostatinis vanduo<\/a><\/b>. J\u012f galite \u012fsigyti atskirai.<\/p>\n<h6 id=\"p-rc_3f2cea6a63be5f17-26\" data-path-to-node=\"12,5\"><span data-path-to-node=\"12,5,0\"><b data-path-to-node=\"12,5,0\" data-index-in-node=\"0\">Su kuo derinti?<\/b> <\/span><\/h6>\n<ul>\n<li data-path-to-node=\"12,5\"><b data-path-to-node=\"28,0,0\" data-index-in-node=\"0\"><a href=\"https:\/\/peptidai.com\/?product=ghk-cu-peptidas-50-%e2%94%82-100-mg\">GHK-Cu<\/a>:<\/b> Gerai dera su svorio metimu, kad oda i\u0161likt\u0173 elastinga ir nesuglebt\u0173 metant svor\u012f.<\/li>\n<\/ul>\n","protected":false},"excerpt":{"rendered":"<p><b data-path-to-node=\"1\" data-index-in-node=\"0\">Retatrutide<\/b> padeda efektyviai valdyti svor\u012f ir palaikyti optimali\u0105 med\u017eiag\u0173 apykait\u0105. Jis veikia optimizuodamas organizmo sotumo jausm\u0105 ir energijos s\u0105naudas, tod\u0117l yra idealus pasirinkimas siekiantiems nuosekli\u0173 ir tvari\u0173 k\u016bno kompozicijos poky\u010di\u0173.<\/p>\n","protected":false},"featured_media":3560,"comment_status":"open","ping_status":"closed","template":"","meta":[],"product_brand":[],"product_cat":[74,69],"product_tag":[],"class_list":{"0":"post-3129","1":"product","2":"type-product","3":"status-publish","4":"has-post-thumbnail","6":"product_cat-grozis","7":"product_cat-peptidai","9":"first","10":"instock","11":"shipping-taxable","12":"purchasable","13":"product-type-variable","14":"has-default-attributes"},"_links":{"self":[{"href":"https:\/\/peptidai.com\/index.php?rest_route=\/wp\/v2\/product\/3129","targetHints":{"allow":["GET"]}}],"collection":[{"href":"https:\/\/peptidai.com\/index.php?rest_route=\/wp\/v2\/product"}],"about":[{"href":"https:\/\/peptidai.com\/index.php?rest_route=\/wp\/v2\/types\/product"}],"replies":[{"embeddable":true,"href":"https:\/\/peptidai.com\/index.php?rest_route=%2Fwp%2Fv2%2Fcomments&post=3129"}],"wp:featuredmedia":[{"embeddable":true,"href":"https:\/\/peptidai.com\/index.php?rest_route=\/wp\/v2\/media\/3560"}],"wp:attachment":[{"href":"https:\/\/peptidai.com\/index.php?rest_route=%2Fwp%2Fv2%2Fmedia&parent=3129"}],"wp:term":[{"taxonomy":"product_brand","embeddable":true,"href":"https:\/\/peptidai.com\/index.php?rest_route=%2Fwp%2Fv2%2Fproduct_brand&post=3129"},{"taxonomy":"product_cat","embeddable":true,"href":"https:\/\/peptidai.com\/index.php?rest_route=%2Fwp%2Fv2%2Fproduct_cat&post=3129"},{"taxonomy":"product_tag","embeddable":true,"href":"https:\/\/peptidai.com\/index.php?rest_route=%2Fwp%2Fv2%2Fproduct_tag&post=3129"}],"curies":[{"name":"wp","href":"https:\/\/api.w.org\/{rel}","templated":true}]}}