{"id":3132,"date":"2026-03-11T16:00:00","date_gmt":"2026-03-11T14:00:00","guid":{"rendered":"https:\/\/peptidai.com\/?post_type=product&#038;p=3132"},"modified":"2026-03-28T00:54:47","modified_gmt":"2026-03-27T22:54:47","slug":"bac-vanduo","status":"publish","type":"product","link":"https:\/\/peptidai.com\/?product=bac-vanduo","title":{"rendered":"BAC Vanduo"},"content":{"rendered":"<h6 data-path-to-node=\"12,1\"><b data-path-to-node=\"5\" data-index-in-node=\"0\">Bakteriostatinis vanduo<\/b> yra auk\u0161\u010diausio grynumo sterilus tirpiklis, pritaikytas daugkartiniam naudojimui i\u0161tirpinus sauso tipo med\u017eiagas (peptidus).<\/h6>\n<h6 data-path-to-node=\"12,2\">Kod\u0117l rinktis BAC Water, o ne paprast\u0105 steril\u0173 vanden\u012f?<\/h6>\n<p>Paprastas sterilus vanduo (skirtas injekcijoms) tinka tik vienkartiniam naudojimui. <span class=\"citation-79 citation-end-79\">Bakteriostatinis vanduo yra praturtintas benzilo alkoholiu, kuris veikia kaip saugus konservantas, u\u017etikrinantis tirpalo sterilum\u0105 net ir po to, kai flakonas yra praduriamas kelis kartus.<\/span><\/p>\n<h6 data-path-to-node=\"12,3\">Pagrindin\u0117s savyb\u0117s:<\/h6>\n<ul>\n<li><b data-path-to-node=\"8,0,0\" data-index-in-node=\"0\">Grynumas:<\/b> Sterilus ir i\u0161valytas tirpalas be joki\u0173 priemai\u0161\u0173.<\/li>\n<li><b data-path-to-node=\"8,1,0\" data-index-in-node=\"0\"><span class=\"citation-78\">Apsauga:<\/span><\/b><span class=\"citation-78 citation-end-78\"> Stabdo bakterij\u0173 dauginim\u0105si tirpale.<\/span><\/li>\n<li><strong>Stabilumas:<\/strong> Leid\u017eia laikyti paruo\u0161tus peptidus \u0161aldytuve iki 30 dien\u0173 neprarandant j\u0173 savybi\u0173.<\/li>\n<\/ul>\n<h6 data-path-to-node=\"12,4\">Naudojimas:<\/h6>\n<p data-path-to-node=\"12,4\"><span data-path-to-node=\"12,4,2\"><span class=\"citation-27 interactive-span-hovered\">Naudojamas i\u0161tirpinti sausus peptid\u0173 miltelius (liofilizatus). Tiksl\u0173 reikiam\u0105 vandens kiek\u012f kiekvienam peptidui bei paruo\u0161imo eig\u0105 rasite m\u016bs\u0173 <\/span><b data-path-to-node=\"12,4,2\" data-index-in-node=\"80\"><a class=\"ng-star-inserted\" href=\"https:\/\/docs.google.com\/document\/d\/1pUTXtAKvpSfcupm-B-t5QjuYiLTzHzur6ZG1BtViM-8\/edit?usp=sharing\" target=\"_blank\" rel=\"noopener\" data-hveid=\"0\" data-ved=\"0CAAQ_4QMahgKEwjQ6YK075KTAxUAAAAAHQAAAAAQ8wE\"><span class=\"citation-27 interactive-span-hovered\">Peptide Maxxing Gide<\/span><\/a><\/b><\/span><span data-path-to-node=\"12,4,4\">.<\/span><\/p>\n<h6 id=\"p-rc_3f2cea6a63be5f17-26\" data-path-to-node=\"12,5\"><span data-path-to-node=\"12,5,0\"><b data-path-to-node=\"12,5,0\" data-index-in-node=\"0\">Suderinamumas:<\/b><\/span><\/h6>\n<p>\u0160is vanduo tinka visiems <b data-path-to-node=\"11\" data-index-in-node=\"40\">Peptidai.com<\/b> asortimente esantiems produktams<\/p>\n","protected":false},"excerpt":{"rendered":"<p><b data-path-to-node=\"2,0\" data-index-in-node=\"0\">Bakteriostatinis vanduo (BAC Vanduo)<\/b> \u2013 tai b\u016btinas sterilus tirpiklis, skirtas saugiam peptid\u0173 paruo\u0161imui ir laikymui. <span class=\"citation-80 citation-end-80\">Sud\u0117tyje esantis 0,9% benzilo alkoholis neleid\u017eia daugintis bakterijoms.<\/span><\/p>\n","protected":false},"featured_media":3557,"comment_status":"open","ping_status":"closed","template":"","meta":[],"product_brand":[],"product_cat":[69,77],"product_tag":[],"class_list":{"0":"post-3132","1":"product","2":"type-product","3":"status-publish","4":"has-post-thumbnail","6":"product_cat-peptidai","7":"product_cat-priedai","9":"first","10":"instock","11":"sale","12":"shipping-taxable","13":"purchasable","14":"product-type-variable","15":"has-default-attributes"},"_links":{"self":[{"href":"https:\/\/peptidai.com\/index.php?rest_route=\/wp\/v2\/product\/3132","targetHints":{"allow":["GET"]}}],"collection":[{"href":"https:\/\/peptidai.com\/index.php?rest_route=\/wp\/v2\/product"}],"about":[{"href":"https:\/\/peptidai.com\/index.php?rest_route=\/wp\/v2\/types\/product"}],"replies":[{"embeddable":true,"href":"https:\/\/peptidai.com\/index.php?rest_route=%2Fwp%2Fv2%2Fcomments&post=3132"}],"wp:featuredmedia":[{"embeddable":true,"href":"https:\/\/peptidai.com\/index.php?rest_route=\/wp\/v2\/media\/3557"}],"wp:attachment":[{"href":"https:\/\/peptidai.com\/index.php?rest_route=%2Fwp%2Fv2%2Fmedia&parent=3132"}],"wp:term":[{"taxonomy":"product_brand","embeddable":true,"href":"https:\/\/peptidai.com\/index.php?rest_route=%2Fwp%2Fv2%2Fproduct_brand&post=3132"},{"taxonomy":"product_cat","embeddable":true,"href":"https:\/\/peptidai.com\/index.php?rest_route=%2Fwp%2Fv2%2Fproduct_cat&post=3132"},{"taxonomy":"product_tag","embeddable":true,"href":"https:\/\/peptidai.com\/index.php?rest_route=%2Fwp%2Fv2%2Fproduct_tag&post=3132"}],"curies":[{"name":"wp","href":"https:\/\/api.w.org\/{rel}","templated":true}]}}