{"id":3138,"date":"2026-03-11T16:20:17","date_gmt":"2026-03-11T14:20:17","guid":{"rendered":"https:\/\/peptidai.com\/?post_type=product&#038;p=3138"},"modified":"2026-03-15T19:40:43","modified_gmt":"2026-03-15T17:40:43","slug":"hgh-augimo-hormonas","status":"publish","type":"product","link":"https:\/\/peptidai.com\/?product=hgh-augimo-hormonas","title":{"rendered":"HGH (Augimo hormonas)"},"content":{"rendered":"<h6 data-path-to-node=\"12,1\"><b data-path-to-node=\"5\" data-index-in-node=\"0\">HGH (Augimo hormonas)<\/b> \u2013 tai esminis organizmo regeneracijos elementas, atsakingas u\u017e l\u0105steli\u0173 atk\u016brim\u0105, med\u017eiag\u0173 apykaitos reguliavim\u0105 ir bendr\u0105 gyvybingum\u0105.<\/h6>\n<h6 data-path-to-node=\"12,2\"><span data-path-to-node=\"12,2,0\"><b data-path-to-node=\"12,2,0\" data-index-in-node=\"0\">Kam tinka?<\/b><\/span><\/h6>\n<ul>\n<li data-path-to-node=\"12,2\">K\u016bno kompozicijos gerinimui (riebal\u0173 ma\u017einimui ir raumen\u0173 tonusui).<\/li>\n<li data-path-to-node=\"12,2\">Odos kokyb\u0117s gerinimui ir nat\u016bralaus sen\u0117jimo proces\u0173 l\u0117tinimui.<\/li>\n<li data-path-to-node=\"12,2\">Geresnei miego kokybei ir energijos lygiui palaikyti.<\/li>\n<\/ul>\n<h6 data-path-to-node=\"12,3\"><span data-path-to-node=\"12,3,0\"><b data-path-to-node=\"12,3,0\" data-index-in-node=\"0\">Ko tik\u0117tis?<\/b> <\/span><\/h6>\n<p data-path-to-node=\"12,3\">Reguliariai vartojant pastebimas gilesnis, kokybi\u0161kesnis miegas, padid\u0117j\u0119s odos stangrumas ir greitesnis atsistatymas po fizinio kr\u016bvio ar kasdienio nuovargio.<\/p>\n<h6 data-path-to-node=\"12,4\"><span data-path-to-node=\"12,4,0\"><b data-path-to-node=\"12,4,0\" data-index-in-node=\"0\">Vartojimas ir protokolai:<\/b> <\/span><\/h6>\n<p data-path-to-node=\"12,4\"><span data-path-to-node=\"12,4,2\"><span class=\"citation-27 interactive-span-hovered\">Detalias instrukcijas, kaip saugiai paruo\u0161ti ir vartoti \u0161\u012f peptid\u0105, rasite m\u016bs\u0173 <\/span><b data-path-to-node=\"12,4,2\" data-index-in-node=\"80\"><a class=\"ng-star-inserted\" href=\"https:\/\/docs.google.com\/document\/d\/1pUTXtAKvpSfcupm-B-t5QjuYiLTzHzur6ZG1BtViM-8\/edit?usp=sharing\" target=\"_blank\" rel=\"noopener\" data-hveid=\"0\" data-ved=\"0CAAQ_4QMahgKEwjQ6YK075KTAxUAAAAAHQAAAAAQ8wE\"><span class=\"citation-27 interactive-span-hovered\">Peptide Maxxing Gide<\/span><\/a><\/b><\/span><span data-path-to-node=\"12,4,4\">.<\/span><\/p>\n<p data-path-to-node=\"12,4\">Svarbu: \u0160io peptido paruo\u0161imui reikalingas <b data-path-to-node=\"3,0,1,0,0\" data-index-in-node=\"53\"><a class=\"ng-star-inserted\" href=\"https:\/\/peptidai.com\/?product=bac-vanduo\" rel=\"noopener\" data-hveid=\"0\" data-ved=\"0CAAQ_4QMahgKEwjQr52Z1JeTAxUAAAAAHQAAAAAQrgQ\">Bakteriostatinis vanduo<\/a><\/b>. J\u012f galite \u012fsigyti atskirai.<\/p>\n<h6 id=\"p-rc_3f2cea6a63be5f17-26\" data-path-to-node=\"12,5\"><span data-path-to-node=\"12,5,0\"><b data-path-to-node=\"12,5,0\" data-index-in-node=\"0\">Su kuo derinti?<\/b> <\/span><\/h6>\n<ul>\n<li data-path-to-node=\"12,5\"><b data-path-to-node=\"11,0,0\" data-index-in-node=\"0\"><a href=\"https:\/\/peptidai.com\/?product=igf-1-lr3\">IGF1-LR3<\/a>:<\/b> Sinergi\u0161kas derinys, veikiantis kartu su HGH, kad b\u016bt\u0173 pasiektas maksimalus l\u0105steli\u0173 atsinaujinimo efektas.<\/li>\n<li data-path-to-node=\"12,5\"><b data-path-to-node=\"11,1,0\" data-index-in-node=\"0\"><a href=\"https:\/\/peptidai.com\/?product=bpc-157-tb-500-kompleksas\">BPC-157 &amp; TB-500<\/a>:<\/b> Kompleksinis sprendimas visapusi\u0161kam traum\u0173 gijimui ir organizmo \u201eremontui\u201c.<\/li>\n<\/ul>\n","protected":false},"excerpt":{"rendered":"<p><b data-path-to-node=\"5\" data-index-in-node=\"0\">HGH (Augimo hormonas)<\/b> \u2013 tai esminis organizmo regeneracijos elementas, atsakingas u\u017e l\u0105steli\u0173 atk\u016brim\u0105, med\u017eiag\u0173 apykaitos reguliavim\u0105 ir bendr\u0105 gyvybingum\u0105.<\/p>\n","protected":false},"featured_media":3563,"comment_status":"open","ping_status":"closed","template":"","meta":[],"product_brand":[],"product_cat":[69,73],"product_tag":[],"class_list":{"0":"post-3138","1":"product","2":"type-product","3":"status-publish","4":"has-post-thumbnail","6":"product_cat-peptidai","7":"product_cat-sportas","9":"first","10":"instock","11":"shipping-taxable","12":"purchasable","13":"product-type-variable","14":"has-default-attributes"},"_links":{"self":[{"href":"https:\/\/peptidai.com\/index.php?rest_route=\/wp\/v2\/product\/3138","targetHints":{"allow":["GET"]}}],"collection":[{"href":"https:\/\/peptidai.com\/index.php?rest_route=\/wp\/v2\/product"}],"about":[{"href":"https:\/\/peptidai.com\/index.php?rest_route=\/wp\/v2\/types\/product"}],"replies":[{"embeddable":true,"href":"https:\/\/peptidai.com\/index.php?rest_route=%2Fwp%2Fv2%2Fcomments&post=3138"}],"wp:featuredmedia":[{"embeddable":true,"href":"https:\/\/peptidai.com\/index.php?rest_route=\/wp\/v2\/media\/3563"}],"wp:attachment":[{"href":"https:\/\/peptidai.com\/index.php?rest_route=%2Fwp%2Fv2%2Fmedia&parent=3138"}],"wp:term":[{"taxonomy":"product_brand","embeddable":true,"href":"https:\/\/peptidai.com\/index.php?rest_route=%2Fwp%2Fv2%2Fproduct_brand&post=3138"},{"taxonomy":"product_cat","embeddable":true,"href":"https:\/\/peptidai.com\/index.php?rest_route=%2Fwp%2Fv2%2Fproduct_cat&post=3138"},{"taxonomy":"product_tag","embeddable":true,"href":"https:\/\/peptidai.com\/index.php?rest_route=%2Fwp%2Fv2%2Fproduct_tag&post=3138"}],"curies":[{"name":"wp","href":"https:\/\/api.w.org\/{rel}","templated":true}]}}