{"id":3144,"date":"2026-03-11T17:59:50","date_gmt":"2026-03-11T15:59:50","guid":{"rendered":"https:\/\/peptidai.com\/?post_type=product&#038;p=3144"},"modified":"2026-03-15T19:38:09","modified_gmt":"2026-03-15T17:38:09","slug":"mt-1","status":"publish","type":"product","link":"https:\/\/peptidai.com\/?product=mt-1","title":{"rendered":"MT-1"},"content":{"rendered":"<h6 data-path-to-node=\"12,1\"><b data-path-to-node=\"5\" data-index-in-node=\"0\">MT-1 (Melanotan-1)<\/b> \u2013 tai sintetinis alfa-melanocitus stimuliuojan\u010dio hormono analogas, kuris aktyvuoja nat\u016brali\u0105 melanino gamyb\u0105 organizme.<\/h6>\n<h6 data-path-to-node=\"12,2\"><span data-path-to-node=\"12,2,0\"><b data-path-to-node=\"12,2,0\" data-index-in-node=\"0\">Kam tinka?<\/b><\/span><\/h6>\n<ul>\n<li data-path-to-node=\"12,2\">Tolygiam \u012fdegiui pasiekti net ir turint labai \u0161viesi\u0105 od\u0105.<\/li>\n<li data-path-to-node=\"12,2\">Nat\u016bralios odos apsaugos nuo UV spinduli\u0173 stiprinimui.<\/li>\n<li data-path-to-node=\"12,2\">Siekiantiems bronzinio atspalvio su minimaliu tiesiogin\u0117s saul\u0117s kiekiu.<\/li>\n<\/ul>\n<h6 data-path-to-node=\"12,3\"><span data-path-to-node=\"12,3,0\"><b data-path-to-node=\"12,3,0\" data-index-in-node=\"0\">Ko tik\u0117tis?<\/b> <\/span><\/h6>\n<p data-path-to-node=\"12,3\">Vartojant MT-1, oda laipsni\u0161kai \u012fgauna sveik\u0105, rusv\u0105 atspalv\u012f. Skirtingai nei kitos versijos, MT-1 pasi\u017eymi ilgesniu, bet \u0161velnesniu pasisavinimu, tod\u0117l vartotojai re\u010diau patiria staigius pigmentacijos poky\u010dius ir d\u017eiaugiasi nat\u016braliai atrodan\u010diu rezultatu.<\/p>\n<h6 data-path-to-node=\"12,4\"><span data-path-to-node=\"12,4,0\"><b data-path-to-node=\"12,4,0\" data-index-in-node=\"0\">Vartojimas ir protokolai:<\/b> <\/span><\/h6>\n<p data-path-to-node=\"12,4\"><span data-path-to-node=\"12,4,2\"><span class=\"citation-27 interactive-span-hovered\">Detalias instrukcijas, kaip saugiai paruo\u0161ti ir vartoti \u0161\u012f peptid\u0105, rasite m\u016bs\u0173 <\/span><b data-path-to-node=\"12,4,2\" data-index-in-node=\"80\"><a class=\"ng-star-inserted\" href=\"https:\/\/docs.google.com\/document\/d\/1pUTXtAKvpSfcupm-B-t5QjuYiLTzHzur6ZG1BtViM-8\/edit?usp=sharing\" target=\"_blank\" rel=\"noopener\" data-hveid=\"0\" data-ved=\"0CAAQ_4QMahgKEwjQ6YK075KTAxUAAAAAHQAAAAAQ8wE\"><span class=\"citation-27 interactive-span-hovered\">Peptide Maxxing Gide<\/span><\/a><\/b><\/span><span data-path-to-node=\"12,4,4\">.<\/span><\/p>\n<p data-path-to-node=\"12,4\">Svarbu: \u0160io peptido paruo\u0161imui reikalingas <b data-path-to-node=\"3,0,1,0,0\" data-index-in-node=\"53\"><a class=\"ng-star-inserted\" href=\"https:\/\/peptidai.com\/?product=bac-vanduo\" rel=\"noopener\" data-hveid=\"0\" data-ved=\"0CAAQ_4QMahgKEwjQr52Z1JeTAxUAAAAAHQAAAAAQrgQ\">Bakteriostatinis vanduo<\/a><\/b>. J\u012f galite \u012fsigyti atskirai.<\/p>\n<h6 id=\"p-rc_3f2cea6a63be5f17-26\" data-path-to-node=\"12,5\"><span data-path-to-node=\"12,5,0\"><b data-path-to-node=\"12,5,0\" data-index-in-node=\"0\">Su kuo derinti?<\/b> <\/span><\/h6>\n<ul>\n<li data-path-to-node=\"12,5\"><b data-path-to-node=\"11,0,0\" data-index-in-node=\"0\"><a href=\"https:\/\/peptidai.com\/?product=ghk-cu-peptidas-50-%e2%94%82-100-mg\">GHK-Cu<\/a> \/ <a href=\"https:\/\/peptidai.com\/?product=glow-kompleksas\">GLOW<\/a>:<\/b> Idealus derinys visapusi\u0161kai odos sveikatai \u2013 kol MT-1 r\u016bpinasi spalva, GHK-Cu gerina odos tekst\u016br\u0105 ir elastingum\u0105.<\/li>\n<li data-path-to-node=\"12,5\"><b data-path-to-node=\"11,1,0\" data-index-in-node=\"0\"><a href=\"https:\/\/peptidai.com\/?product=bpc-157\">BPC-157<\/a>:<\/b> Gali pad\u0117ti suma\u017einti jautrum\u0105 injekcijos vietoje paruo\u0161iamojo ciklo metu.<\/li>\n<\/ul>\n","protected":false},"excerpt":{"rendered":"<p><b data-path-to-node=\"2,0\" data-index-in-node=\"0\">MT-1<\/b> padeda palaikyti nat\u016brali\u0105 odos pigmentacij\u0105 ir skatina tolyg\u0173 \u012fdeg\u012f minimaliai b\u016bnant saul\u0117je. Tai \u0161velnesnio veikimo peptidas, skirtas siekiantiems saugesnio \u012fdegio proceso bei nat\u016bralios odos apsaugos nuo UV spinduli\u0173.<\/p>\n","protected":false},"featured_media":3561,"comment_status":"open","ping_status":"closed","template":"","meta":[],"product_brand":[],"product_cat":[74,69],"product_tag":[],"class_list":{"0":"post-3144","1":"product","2":"type-product","3":"status-publish","4":"has-post-thumbnail","6":"product_cat-grozis","7":"product_cat-peptidai","9":"first","10":"instock","11":"shipping-taxable","12":"purchasable","13":"product-type-variable","14":"has-default-attributes"},"_links":{"self":[{"href":"https:\/\/peptidai.com\/index.php?rest_route=\/wp\/v2\/product\/3144","targetHints":{"allow":["GET"]}}],"collection":[{"href":"https:\/\/peptidai.com\/index.php?rest_route=\/wp\/v2\/product"}],"about":[{"href":"https:\/\/peptidai.com\/index.php?rest_route=\/wp\/v2\/types\/product"}],"replies":[{"embeddable":true,"href":"https:\/\/peptidai.com\/index.php?rest_route=%2Fwp%2Fv2%2Fcomments&post=3144"}],"wp:featuredmedia":[{"embeddable":true,"href":"https:\/\/peptidai.com\/index.php?rest_route=\/wp\/v2\/media\/3561"}],"wp:attachment":[{"href":"https:\/\/peptidai.com\/index.php?rest_route=%2Fwp%2Fv2%2Fmedia&parent=3144"}],"wp:term":[{"taxonomy":"product_brand","embeddable":true,"href":"https:\/\/peptidai.com\/index.php?rest_route=%2Fwp%2Fv2%2Fproduct_brand&post=3144"},{"taxonomy":"product_cat","embeddable":true,"href":"https:\/\/peptidai.com\/index.php?rest_route=%2Fwp%2Fv2%2Fproduct_cat&post=3144"},{"taxonomy":"product_tag","embeddable":true,"href":"https:\/\/peptidai.com\/index.php?rest_route=%2Fwp%2Fv2%2Fproduct_tag&post=3144"}],"curies":[{"name":"wp","href":"https:\/\/api.w.org\/{rel}","templated":true}]}}