{"id":3148,"date":"2026-03-11T18:02:52","date_gmt":"2026-03-11T16:02:52","guid":{"rendered":"https:\/\/peptidai.com\/?post_type=product&#038;p=3148"},"modified":"2026-03-25T12:45:34","modified_gmt":"2026-03-25T10:45:34","slug":"mt-2","status":"publish","type":"product","link":"https:\/\/peptidai.com\/?product=mt-2","title":{"rendered":"MT-2"},"content":{"rendered":"<h6 data-path-to-node=\"12,1\"><b data-path-to-node=\"5\" data-index-in-node=\"0\">MT-2 (Melanotan-2)<\/b> \u2013 tai stipresnio poveikio melanocortino receptori\u0173 agonistas, skatinantis aktyvi\u0105 melanino gamyb\u0105, kuri suteikia odai tamsesn\u012f atspalv\u012f.<\/h6>\n<h6 data-path-to-node=\"12,2\"><span data-path-to-node=\"12,2,0\"><b data-path-to-node=\"12,2,0\" data-index-in-node=\"0\">Kam tinka?<\/b><\/span><\/h6>\n<ul>\n<li data-path-to-node=\"12,2\">Greitam ir giliam bronziniam \u012fdegiui pasiekti.<\/li>\n<li data-path-to-node=\"12,2\">Odos paruo\u0161imui saul\u0117s sezonui ar atostogoms \u0161iltuose kra\u0161tuose.<\/li>\n<li data-path-to-node=\"12,2\">Siekiantiems maksimalaus rezultato su minimaliomis laiko s\u0105naudomis saul\u0117je ar soliariume.<\/li>\n<\/ul>\n<h6 data-path-to-node=\"12,3\"><span data-path-to-node=\"12,3,0\"><b data-path-to-node=\"12,3,0\" data-index-in-node=\"0\">Ko tik\u0117tis?<\/b> <\/span><\/h6>\n<p data-path-to-node=\"12,3\">Vartojant MT-2, pigmentacijos poky\u010diai pastebimi grei\u010diau nei vartojant \u0161velnesnes versijas. Oda \u012fgauna sodr\u0173, tolyg\u0173 atspalv\u012f, kuris i\u0161lieka ilgiau, o nat\u016brali apsauga nuo nudegim\u0173 tampa efektyvesn\u0117.<\/p>\n<h6 data-path-to-node=\"12,4\"><span data-path-to-node=\"12,4,0\"><b data-path-to-node=\"12,4,0\" data-index-in-node=\"0\">Vartojimas ir protokolai:<\/b> <\/span><\/h6>\n<p data-path-to-node=\"12,4\"><span data-path-to-node=\"12,4,2\"><span class=\"citation-27 interactive-span-hovered\">Detalias instrukcijas, kaip saugiai paruo\u0161ti ir vartoti \u0161\u012f peptid\u0105, rasite m\u016bs\u0173 <\/span><b data-path-to-node=\"12,4,2\" data-index-in-node=\"80\"><a class=\"ng-star-inserted\" href=\"https:\/\/docs.google.com\/document\/d\/1pUTXtAKvpSfcupm-B-t5QjuYiLTzHzur6ZG1BtViM-8\/edit?usp=sharing\" target=\"_blank\" rel=\"noopener\" data-hveid=\"0\" data-ved=\"0CAAQ_4QMahgKEwjQ6YK075KTAxUAAAAAHQAAAAAQ8wE\"><span class=\"citation-27 interactive-span-hovered\">Peptide Maxxing Gide<\/span><\/a><\/b><\/span><span data-path-to-node=\"12,4,4\">.<\/span><\/p>\n<p data-path-to-node=\"12,4\">Svarbu: \u0160io peptido paruo\u0161imui reikalingas <b data-path-to-node=\"3,0,1,0,0\" data-index-in-node=\"53\"><a class=\"ng-star-inserted\" href=\"https:\/\/peptidai.com\/?product=bac-vanduo\" rel=\"noopener\" data-hveid=\"0\" data-ved=\"0CAAQ_4QMahgKEwjQr52Z1JeTAxUAAAAAHQAAAAAQrgQ\">Bakteriostatinis vanduo<\/a><\/b>. J\u012f galite \u012fsigyti atskirai.<\/p>\n<h6 id=\"p-rc_3f2cea6a63be5f17-26\" data-path-to-node=\"12,5\"><span data-path-to-node=\"12,5,0\"><b data-path-to-node=\"12,5,0\" data-index-in-node=\"0\">Su kuo derinti?<\/b> <\/span><\/h6>\n<ul>\n<li data-path-to-node=\"12,5\"><b data-path-to-node=\"11,0,0\" data-index-in-node=\"0\"><a href=\"https:\/\/peptidai.com\/?product=ghk-cu-peptidas-50-%e2%94%82-100-mg\">GHK-Cu<\/a> \/ <a href=\"https:\/\/peptidai.com\/?product=glow-kompleksas\">GLOW<\/a>:<\/b> Svarbu derinant su intensyviu \u012fdegiu, kad oda i\u0161likt\u0173 sudr\u0117kinta, elastinga ir apsaugota nuo prie\u0161laikinio sen\u0117jimo.<\/li>\n<li data-path-to-node=\"12,5\"><b data-path-to-node=\"11,1,0\" data-index-in-node=\"0\"><a href=\"https:\/\/peptidai.com\/?product=bpc-157\">BPC-157<\/a>:<\/b> Padeda palaikyti ger\u0105 savijaut\u0105 pradinio ciklo metu.<\/li>\n<\/ul>\n","protected":false},"excerpt":{"rendered":"<p><b data-path-to-node=\"2,0\" data-index-in-node=\"0\">MT-2<\/b> padeda pasiekti ry\u0161k\u0173 ir ilgai i\u0161liekant\u012f \u012fdeg\u012f per trumpesn\u012f laik\u0105. Tai intensyvesnio poveikio peptidas, skirtas siekiantiems gilaus odos atspalvio ir geresn\u0117s nat\u016bralios pigmentacijos su minimaliu tiesiogini\u0173 saul\u0117s spinduli\u0173 kiekiu.<\/p>\n","protected":false},"featured_media":3570,"comment_status":"open","ping_status":"closed","template":"","meta":[],"product_brand":[],"product_cat":[74,69],"product_tag":[],"class_list":{"0":"post-3148","1":"product","2":"type-product","3":"status-publish","4":"has-post-thumbnail","6":"product_cat-grozis","7":"product_cat-peptidai","9":"first","10":"instock","11":"shipping-taxable","12":"purchasable","13":"product-type-variable","14":"has-default-attributes"},"_links":{"self":[{"href":"https:\/\/peptidai.com\/index.php?rest_route=\/wp\/v2\/product\/3148","targetHints":{"allow":["GET"]}}],"collection":[{"href":"https:\/\/peptidai.com\/index.php?rest_route=\/wp\/v2\/product"}],"about":[{"href":"https:\/\/peptidai.com\/index.php?rest_route=\/wp\/v2\/types\/product"}],"replies":[{"embeddable":true,"href":"https:\/\/peptidai.com\/index.php?rest_route=%2Fwp%2Fv2%2Fcomments&post=3148"}],"wp:featuredmedia":[{"embeddable":true,"href":"https:\/\/peptidai.com\/index.php?rest_route=\/wp\/v2\/media\/3570"}],"wp:attachment":[{"href":"https:\/\/peptidai.com\/index.php?rest_route=%2Fwp%2Fv2%2Fmedia&parent=3148"}],"wp:term":[{"taxonomy":"product_brand","embeddable":true,"href":"https:\/\/peptidai.com\/index.php?rest_route=%2Fwp%2Fv2%2Fproduct_brand&post=3148"},{"taxonomy":"product_cat","embeddable":true,"href":"https:\/\/peptidai.com\/index.php?rest_route=%2Fwp%2Fv2%2Fproduct_cat&post=3148"},{"taxonomy":"product_tag","embeddable":true,"href":"https:\/\/peptidai.com\/index.php?rest_route=%2Fwp%2Fv2%2Fproduct_tag&post=3148"}],"curies":[{"name":"wp","href":"https:\/\/api.w.org\/{rel}","templated":true}]}}